{"id":231,"date":"2024-02-03T07:47:52","date_gmt":"2024-02-03T07:47:52","guid":{"rendered":"https:\/\/www.larp-planung.de\/wordpress\/?page_id=231"},"modified":"2024-02-10T10:04:13","modified_gmt":"2024-02-10T10:04:13","slug":"die-larpplanungsseiten","status":"publish","type":"page","link":"https:\/\/www.larp-planung.de\/wordpress\/","title":{"rendered":"die LARPPlanungsSeiten"},"content":{"rendered":"\n<p>Diese Seiten sollen LARPern beim Organisieren von CONs helfen. Man kann n\u00e4mlich beim ersten CON viele Fehler vermeiden, die schon andere durchgemacht haben.<\/p>\n\n\n\n<p><br>Au\u00dferdem gibt es einen kleinen Bereich f\u00fcr Spieler, die sich schlie\u00dflich auch auf CONs vorbereiten m\u00fcssen<\/p>\n\n\n\n<p>Und weil es doch einige Seiten sind, sind sie unterteilt in:<\/p>\n\n\n<ul class=\"wp-block-categories-list wp-block-categories\">\t<li class=\"cat-item cat-item-16\"><a href=\"https:\/\/www.larp-planung.de\/wordpress\/index.php\/category\/orga-und-spielleitung\/\">Orga und Spielleitung<\/a> (69)\n<ul class='children'>\n\t<li class=\"cat-item cat-item-2\"><a href=\"https:\/\/www.larp-planung.de\/wordpress\/index.php\/category\/orga-und-spielleitung\/vor-dem-con\/\">Anfang: vor dem CON<\/a> (13)\n<\/li>\n\t<li class=\"cat-item cat-item-13\"><a href=\"https:\/\/www.larp-planung.de\/wordpress\/index.php\/category\/orga-und-spielleitung\/finanzen\/\">Finanzen<\/a> (4)\n<\/li>\n\t<li class=\"cat-item cat-item-9\"><a href=\"https:\/\/www.larp-planung.de\/wordpress\/index.php\/category\/orga-und-spielleitung\/ideen\/\">Ideen<\/a> (2)\n<\/li>\n\t<li class=\"cat-item cat-item-11\"><a href=\"https:\/\/www.larp-planung.de\/wordpress\/index.php\/category\/orga-und-spielleitung\/plot\/\">Plot<\/a> (12)\n<\/li>\n\t<li class=\"cat-item cat-item-12\"><a href=\"https:\/\/www.larp-planung.de\/wordpress\/index.php\/category\/orga-und-spielleitung\/recht\/\">Recht<\/a> (21)\n<\/li>\n\t<li class=\"cat-item cat-item-17\"><a href=\"https:\/\/www.larp-planung.de\/wordpress\/index.php\/category\/orga-und-spielleitung\/resourcen\/\">Resourcen<\/a> (6)\n<\/li>\n\t<li class=\"cat-item cat-item-3\"><a href=\"https:\/\/www.larp-planung.de\/wordpress\/index.php\/category\/orga-und-spielleitung\/waehrend-des-cons\/\">Veranstaltung l\u00e4uft: w\u00e4hrend des CONs<\/a> (6)\n<\/li>\n\t<li class=\"cat-item cat-item-4\"><a href=\"https:\/\/www.larp-planung.de\/wordpress\/index.php\/category\/orga-und-spielleitung\/nach-dem-con\/\">vorbei: nach dem CON<\/a> (5)\n<\/li>\n<\/ul>\n<\/li>\n\t<li class=\"cat-item cat-item-5\"><a href=\"https:\/\/www.larp-planung.de\/wordpress\/index.php\/category\/querschnittsthemen\/\">Querschnittsthemen<\/a> (9)\n<ul class='children'>\n\t<li class=\"cat-item cat-item-14\"><a href=\"https:\/\/www.larp-planung.de\/wordpress\/index.php\/category\/querschnittsthemen\/fun\/\">Fun<\/a> (2)\n<\/li>\n\t<li class=\"cat-item cat-item-8\"><a href=\"https:\/\/www.larp-planung.de\/wordpress\/index.php\/category\/querschnittsthemen\/meinung\/\">Meinung<\/a> (2)\n<\/li>\n<\/ul>\n<\/li>\n\t<li class=\"cat-item cat-item-10\"><a href=\"https:\/\/www.larp-planung.de\/wordpress\/index.php\/category\/spieler\/\">Spieler<\/a> (12)\n<ul class='children'>\n\t<li class=\"cat-item cat-item-7\"><a href=\"https:\/\/www.larp-planung.de\/wordpress\/index.php\/category\/spieler\/darstellungstipps\/\">Darstellungstipps<\/a> (3)\n<\/li>\n<\/ul>\n<\/li>\n\t<li class=\"cat-item cat-item-6\"><a href=\"https:\/\/www.larp-planung.de\/wordpress\/index.php\/category\/verhalten-auf-dem-con\/\">Verhalten auf dem CON<\/a> (7)\n<\/li>\n<\/ul>","protected":false},"excerpt":{"rendered":"<p>Diese Seiten sollen LARPern beim Organisieren von CONs helfen. Man kann n\u00e4mlich beim ersten CON viele Fehler vermeiden, die schon andere durchgemacht haben. Au\u00dferdem gibt es einen kleinen Bereich f\u00fcr Spieler, die sich schlie\u00dflich auch auf CONs vorbereiten m\u00fcssen Und weil es doch einige Seiten sind, sind sie unterteilt in:<\/p>\n","protected":false},"author":1,"featured_media":0,"parent":0,"menu_order":0,"comment_status":"closed","ping_status":"closed","template":"","meta":{"footnotes":""},"class_list":["post-231","page","type-page","status-publish","hentry"],"_links":{"self":[{"href":"https:\/\/www.larp-planung.de\/wordpress\/index.php\/wp-json\/wp\/v2\/pages\/231","targetHints":{"allow":["GET"]}}],"collection":[{"href":"https:\/\/www.larp-planung.de\/wordpress\/index.php\/wp-json\/wp\/v2\/pages"}],"about":[{"href":"https:\/\/www.larp-planung.de\/wordpress\/index.php\/wp-json\/wp\/v2\/types\/page"}],"author":[{"embeddable":true,"href":"https:\/\/www.larp-planung.de\/wordpress\/index.php\/wp-json\/wp\/v2\/users\/1"}],"replies":[{"embeddable":true,"href":"https:\/\/www.larp-planung.de\/wordpress\/index.php\/wp-json\/wp\/v2\/comments?post=231"}],"version-history":[{"count":3,"href":"https:\/\/www.larp-planung.de\/wordpress\/index.php\/wp-json\/wp\/v2\/pages\/231\/revisions"}],"predecessor-version":[{"id":238,"href":"https:\/\/www.larp-planung.de\/wordpress\/index.php\/wp-json\/wp\/v2\/pages\/231\/revisions\/238"}],"wp:attachment":[{"href":"https:\/\/www.larp-planung.de\/wordpress\/index.php\/wp-json\/wp\/v2\/media?parent=231"}],"curies":[{"name":"wp","href":"https:\/\/api.w.org\/{rel}","templated":true}]}}