{"id":239,"date":"2024-02-10T10:15:08","date_gmt":"2024-02-10T10:15:08","guid":{"rendered":"https:\/\/www.larp-planung.de\/wordpress\/?page_id=239"},"modified":"2024-02-10T10:21:52","modified_gmt":"2024-02-10T10:21:52","slug":"impressum","status":"publish","type":"page","link":"https:\/\/www.larp-planung.de\/wordpress\/index.php\/impressum\/","title":{"rendered":"Impressum"},"content":{"rendered":"\n<h2 class=\"wp-block-heading\">Verantwortlicher<\/h2>\n\n\n\n<p>Verantwortlich f\u00fcr den Inhalt dieser Seite ist Carsten Thurau, Georgenstra\u00dfe 16, 64546 M\u00f6rfelden, 06105\/4059821, <a href=\"mailto:LPPPCT@larp-planung.de\">LPPPCT@larp-planung.de<\/a>.<\/p>\n\n\n\n<h2 class=\"wp-block-heading\">Die Story<\/h2>\n\n\n\n<p>Ich (Carsten Thurau) hatte 1996 schon ein paar Tips auf meiner damaligen Hochschulseite, gr\u00f6\u00dftenteils aus eigener Erfahrung mit dem Thema &#8222;Wie macht man das besser nicht?&#8220; Im Jahr 2000 hatte ich dann die dumme Idee, den Bereich mal auszubauen und habe die CON-Planungsseiten entworfen.<\/p>\n\n\n\n<p>In den drauffolgenden 2 Jahren ist die Seite dann weiter angewachsen, einerseits weil mich gewisse Themen wie &#8222;Recht f\u00fcr LARPer&#8220; sehr interessierten, andererseits weil andere Leute (wie Monika Kusch und Andreas Gertz) Material und Erg\u00e4nzungen lieferten.<\/p>\n\n\n\n<p>Seit Oktober 2002 hat die CON-Planungsseite endlich ihre eigene Domain: www.larp-planung.de. Gleichzeitig habe ich die Sektion \u00fcber Tips f\u00fcr Spieler auch in die LARP-Planungsseiten gesteckt. 2024 musste ich dann mal vom selbstgeschriebenen CMS auf WordPress umsteigen &#8211; war l\u00e4ngst Zeit daf\u00fcr.<br><\/p>\n\n\n\n<h2 class=\"wp-block-heading\">Mitmachende<\/h2>\n\n\n\n<p>ist zwar keine absolut feste Sache, aber diese Leute haben einen gro\u00dfen Anteil an den Seiten gehabt:<\/p>\n\n\n\n<figure class=\"wp-block-table\"><table><tbody><tr><td>Carsten Thurau (<a href=\"http:\/\/www.palandun.de\" target=\"_blank\" rel=\"noreferrer noopener\">palandun.de<\/a>)<\/td><td>Hauptverantwortlicher, Administrator<\/td><\/tr><tr><td>Kiro &#8222;Turtel&#8220; vom Clan B\u00e4r<\/td><td>Autor und Ideengeber im im Spielerteil. Und ein guter Kerl, der leider viel zu fr\u00fch gestorben ist.<\/td><\/tr><tr><td>Monika Kusch-Thurau<\/td><td>Hauptkritikerin<\/td><\/tr><tr><td>Corinna Vanvlodorp<\/td><td>Autorin und Ideengeberin im Veranstalterteil<\/td><\/tr><tr><td>Andreas Gertz<\/td><td>Autor und Ideengeber im Veranstalterteil<\/td><\/tr><\/tbody><\/table><\/figure>\n\n\n\n<p>\u00dcber die Jahre haben viele Leute etwas zur Verbesserung dieser Seiten beigetragen. Ein besonderes &#8222;Danke sch\u00f6n&#8220; geht an Andreas Gertz. Er war derjenige, der sich die L\u00fccken vornahm und f\u00fcllte, wie nur er etwas f\u00fcllen kann. Unter anderem entwarf er die Gertz-Matrix und k\u00fcmmerte sich um die Schlachten. (<em>Anm. Carsten: Bei letzterem habe ich eh nur Ahnung, wie ich mich am schnellsten verletze.<\/em>) Weitere &#8222;Danke&#8220; gehen an:<\/p>\n\n\n\n<ul class=\"wp-block-list\">\n<li>Thomas Goergen (u.a. viel rechtliches)<\/li>\n\n\n\n<li>Patrick Tenbrock (Bereich Recht, vor allem AGB)<\/li>\n\n\n\n<li>Dirk Schmitz<\/li>\n\n\n\n<li>Barbara Biehler und Andrea Thorn (beide Tipps f\u00fcr Essen, Essen, Essen)<\/li>\n\n\n\n<li>Jutta Peill<\/li>\n\n\n\n<li>Volker Riehl<\/li>\n\n\n\n<li>Meister Habakuk<\/li>\n\n\n\n<li>Morten Roth (der den Sanikoffer verbesserte)<\/li>\n\n\n\n<li>Chris &#8211; von ihm stammen die rechtlichen Dinge zur Pyrotechnik)<\/li>\n\n\n\n<li>Dirk Rabenschlag (f\u00fcr sein sch\u00f6nes Minderj\u00e4hrigenbeispiel)<\/li>\n\n\n\n<li>Karsten Eggers<\/li>\n\n\n\n<li>die Loricon-Orga<\/li>\n\n\n\n<li>JPK, Philipp Zacharias, Markus Golla, Markus Anton, Mattes Totten (alle f\u00fcr Hilfe beim Bereich Sanikasten)<\/li>\n\n\n\n<li>Jan Rehder f\u00fcr Tipps und Artikel im Sanibereich<\/li>\n\n\n\n<li>Dirk Hiltner, Henning Bahr, J\u00f6rg Weber, Robert Waldhans, Tom Thiemann, Tobias Seybold und Tierlieb aus dem LARPInfoForum<\/li>\n\n\n\n<li>Ralf H\u00fcls<\/li>\n\n\n\n<li>Bernd Neumann, Andreas Pistoor und MArkus<\/li>\n\n\n\n<li>Tilman Holst<\/li>\n\n\n\n<li>Felix Bode<\/li>\n<\/ul>\n\n\n\n<p>Ich hoffe, ich habe keinen vergessen.<\/p>\n\n\n\n<p>Die Essenstips sind hiermit allen Leuten gewidmet, die mich schon mal vor dem Hungertod bewahrt haben: Corinna und Dirk, Barbara und Wolfgang, Anna II, Jutta, Monika und meine Mami.<\/p>\n\n\n\n<h2 class=\"wp-block-heading\">Quellen<\/h2>\n\n\n\n<ul class=\"wp-block-list\">\n<li>Dreamer (Norbert Paulsen): Wie organisiert man sowas? (auch auf <a href=\"http:\/\/www.e-dreamer.de\/\" target=\"_blank\" rel=\"noreferrer noopener\">Dreamers neuester Homepage)<\/a><\/li>\n\n\n\n<li>Alexander Roth, Haftung im Live-Rollenspiel: zum Thema Haftung ausf\u00fchrlicher als unter <a href=\"https:\/\/www.larp-planung.de\/anzeigen.php3?id=1301\">Haftung<\/a> , unbedingt lesenswert &#8211; nur leider momentan nicht im WWW erh\u00e4ltlich<\/li>\n\n\n\n<li><a href=\"http:\/\/www.dnd-gate.de\" target=\"_blank\" rel=\"noreferrer noopener\">dnd-gate.de<\/a>, dort einige Tipps f\ufffdr Spielleiter<\/li>\n<\/ul>\n","protected":false},"excerpt":{"rendered":"<p>Verantwortlicher Verantwortlich f\u00fcr den Inhalt dieser Seite ist Carsten Thurau, Georgenstra\u00dfe 16, 64546 M\u00f6rfelden, 06105\/4059821, LPPPCT@larp-planung.de. Die Story Ich (Carsten Thurau) hatte 1996 schon ein paar Tips auf meiner damaligen Hochschulseite, gr\u00f6\u00dftenteils aus eigener Erfahrung mit dem Thema &#8222;Wie macht man das besser nicht?&#8220; Im Jahr 2000 hatte ich dann die dumme Idee, den Bereich &hellip; <a href=\"https:\/\/www.larp-planung.de\/wordpress\/index.php\/impressum\/\" class=\"more-link\"><span class=\"screen-reader-text\">\u201eImpressum\u201c <\/span>weiterlesen<\/a><\/p>\n","protected":false},"author":1,"featured_media":0,"parent":0,"menu_order":0,"comment_status":"closed","ping_status":"closed","template":"","meta":{"footnotes":""},"class_list":["post-239","page","type-page","status-publish","hentry"],"_links":{"self":[{"href":"https:\/\/www.larp-planung.de\/wordpress\/index.php\/wp-json\/wp\/v2\/pages\/239","targetHints":{"allow":["GET"]}}],"collection":[{"href":"https:\/\/www.larp-planung.de\/wordpress\/index.php\/wp-json\/wp\/v2\/pages"}],"about":[{"href":"https:\/\/www.larp-planung.de\/wordpress\/index.php\/wp-json\/wp\/v2\/types\/page"}],"author":[{"embeddable":true,"href":"https:\/\/www.larp-planung.de\/wordpress\/index.php\/wp-json\/wp\/v2\/users\/1"}],"replies":[{"embeddable":true,"href":"https:\/\/www.larp-planung.de\/wordpress\/index.php\/wp-json\/wp\/v2\/comments?post=239"}],"version-history":[{"count":3,"href":"https:\/\/www.larp-planung.de\/wordpress\/index.php\/wp-json\/wp\/v2\/pages\/239\/revisions"}],"predecessor-version":[{"id":246,"href":"https:\/\/www.larp-planung.de\/wordpress\/index.php\/wp-json\/wp\/v2\/pages\/239\/revisions\/246"}],"wp:attachment":[{"href":"https:\/\/www.larp-planung.de\/wordpress\/index.php\/wp-json\/wp\/v2\/media?parent=239"}],"curies":[{"name":"wp","href":"https:\/\/api.w.org\/{rel}","templated":true}]}}