{"id":250,"date":"2024-02-10T10:30:05","date_gmt":"2024-02-10T10:30:05","guid":{"rendered":"https:\/\/www.larp-planung.de\/wordpress\/?page_id=250"},"modified":"2024-02-10T10:30:05","modified_gmt":"2024-02-10T10:30:05","slug":"vorwort","status":"publish","type":"page","link":"https:\/\/www.larp-planung.de\/wordpress\/index.php\/vorwort\/","title":{"rendered":"Vorwort"},"content":{"rendered":"\n<p>Ich hatte vor kurzem mal die Idee, ein Vorwort zu schreiben, um mal die Intention der Seiten zu zeigen.<\/p>\n\n\n\n<p>Da gibt es eigentlich nur eine: das ganze ist eine Tippsammlung f\u00fcr LARP-Veranstalter und (in einem seperaten Teil) f\u00fcr Spieler. Angefangen habe ich, weil mehrere Veranstalter in meinem Umfeld (u.a. ich selbst) Fehler bei der Veranstaltung von CONs unterlaufen sind, die sich nicht unbedingt wiederholen m\u00fcssen. Teilweise sind diese Fehler finanzieller Art und wirken noch heute nach (gl\u00fccklicherweise hatte ich in dem Bereich bisher Gl\u00fcck).<\/p>\n\n\n\n<p>Im Gegensatz zu anderen sehe ich es als nicht so schrecklich an, dass neue Orgas \u201ewie Pilze hochschiessen\u201c. Ich habe n\u00e4mlich irgendwann auch mal als Teil einer neuen Orga angefangen. Ich sehe das ganze sportlich: die beliebten Orgas werden halt l\u00e4nger \u00fcberleben.<\/p>\n\n\n\n<p>Ich glaube auch nicht, dass ich mit den Artikeln irgendjemand anhalten oder animieren werde, Orga zu machen. Der Einfluss d\u00fcrfte sich auf sehr wenige Leute erstrecken, die nach dem Lesen Angst bekommen. \ud83d\ude42 Ich hoffe allerdings, gerade Anf\u00e4ngern \u00fcber die schlimmsten Fehler hinwegzuhelfen.<\/p>\n\n\n\n<p>Meiner Ansicht nach d\u00fcrfen Neu-Orgas auch Fehler machen. Wir Alt-Orgas haben die n\u00e4mlich auch gemacht. Und machen die immer noch. Nat\u00fcrlich ist sch\u00f6ner, wenn sie aus unseren Fehlern schon lernen, bevor sie sie selbst machen. Aber:<\/p>\n\n\n\n<ul class=\"wp-block-list\">\n<li>es gibt soviel falsch zu machen<\/li>\n\n\n\n<li>manches kann man nur vermeiden, wenn man entweder ein Gef\u00fchl daf\u00fcr oder Erfahrung hat<\/li>\n<\/ul>\n\n\n\n<p>Bei einigen von denen, die in Foren hohe Anspr\u00fcche an Neu-Orgas haben, weiss ich sehr genau<\/p>\n\n\n\n<ul class=\"wp-block-list\">\n<li>dass sie selbst als erfahrene Leute CONs gemacht haben, bei denen ein nicht unerheblicher Teil der Spieler unzufrieden waren,<\/li>\n\n\n\n<li>dass sie selbst aus gravierenden Fehlern lernen mussten ODER<\/li>\n\n\n\n<li>dass sie in Vereinen sind, in denen andere schon vorher f\u00fcr sie die groben Fehler durchprobiert haben.<\/li>\n<\/ul>\n\n\n\n<p>Die Seiten sind im Fluss. Manchmal erweisen sich Tipps noch als verbesserungsw\u00fcrdig. Manchmal sind sie leider auch Bl\u00f6dsinn. Ein Beispiel: ich hatte geschrieben, dass B\u00f6gen nicht 25 Pfund Gewicht \u00fcberschreiten sollten. Gemeint war aber das Zuggewicht (einfach gesagt: die Power des Bogens). Ein ziemlich grosser Unterschied \u2013 und peinlich, wenn jemand das schreibt, dessen Frau mal Bogensch\u00fctzin war\u2026 Es ist halt leider nicht immer alles korrekt\u2026 \ud83d\ude41<\/p>\n\n\n\n<p>Dazu kommt: ich kann nicht auf alle CON-Arten eingehen. Jedes CON ist anders, nicht bei jedem CON gelten alle Tipps. Eigentlich kann man sagen, dass ich versuche, f\u00fcr den Mainstream zu schreiben, und f\u00fcr spezielle CONs Zusatztipps zu geben. Beispiel: F\u00fcr die Dilletanten sind Tipps zu NSCs wahrscheinlich uninteressant, die spielen n\u00e4mlich ohne NSCs. Und f\u00fcr CONs auf eigenem Gel\u00e4nde kann man beispielsweise einiges zum Thema \u201eWas mache ich mit dem Vermieter\u201c vergessen. \ud83d\ude42<\/p>\n\n\n\n<p>1996 konnte ich das ganze auf 3 Seiten ausdrucken, mittlerweile sind es \u00fcber 100. Die Seiten wachsen also, und vieles w\u00e4chst gar nicht mehr auf meinem eigenen Mist, sondern wird von anderen Leuten beigesteuert. Das reicht von einzelnen Verbesserungen bis hin zu komplett neuen Unterseiten. Insofern ist das ganze nicht mehr das Werk einer Einzelperson, ich verstehe ich jetzt eher als eine Art Verwalter\u2026 und zwar von ziemlich viel Wissen aus mittlerweile mehr als 10 Jahren LARP in Deutschland.<\/p>\n\n\n\n<p><em>Carsten Thurau, Juni 2005<\/em><\/p>\n","protected":false},"excerpt":{"rendered":"<p>Ich hatte vor kurzem mal die Idee, ein Vorwort zu schreiben, um mal die Intention der Seiten zu zeigen. Da gibt es eigentlich nur eine: das ganze ist eine Tippsammlung f\u00fcr LARP-Veranstalter und (in einem seperaten Teil) f\u00fcr Spieler. Angefangen habe ich, weil mehrere Veranstalter in meinem Umfeld (u.a. ich selbst) Fehler bei der Veranstaltung &hellip; <a href=\"https:\/\/www.larp-planung.de\/wordpress\/index.php\/vorwort\/\" class=\"more-link\"><span class=\"screen-reader-text\">\u201eVorwort\u201c <\/span>weiterlesen<\/a><\/p>\n","protected":false},"author":1,"featured_media":0,"parent":0,"menu_order":0,"comment_status":"closed","ping_status":"closed","template":"","meta":{"footnotes":""},"class_list":["post-250","page","type-page","status-publish","hentry"],"_links":{"self":[{"href":"https:\/\/www.larp-planung.de\/wordpress\/index.php\/wp-json\/wp\/v2\/pages\/250","targetHints":{"allow":["GET"]}}],"collection":[{"href":"https:\/\/www.larp-planung.de\/wordpress\/index.php\/wp-json\/wp\/v2\/pages"}],"about":[{"href":"https:\/\/www.larp-planung.de\/wordpress\/index.php\/wp-json\/wp\/v2\/types\/page"}],"author":[{"embeddable":true,"href":"https:\/\/www.larp-planung.de\/wordpress\/index.php\/wp-json\/wp\/v2\/users\/1"}],"replies":[{"embeddable":true,"href":"https:\/\/www.larp-planung.de\/wordpress\/index.php\/wp-json\/wp\/v2\/comments?post=250"}],"version-history":[{"count":1,"href":"https:\/\/www.larp-planung.de\/wordpress\/index.php\/wp-json\/wp\/v2\/pages\/250\/revisions"}],"predecessor-version":[{"id":251,"href":"https:\/\/www.larp-planung.de\/wordpress\/index.php\/wp-json\/wp\/v2\/pages\/250\/revisions\/251"}],"wp:attachment":[{"href":"https:\/\/www.larp-planung.de\/wordpress\/index.php\/wp-json\/wp\/v2\/media?parent=250"}],"curies":[{"name":"wp","href":"https:\/\/api.w.org\/{rel}","templated":true}]}}